{"id":1405,"date":"2022-04-12T10:32:16","date_gmt":"2022-04-12T10:32:16","guid":{"rendered":"http:\/\/www.tepekaya.av.tr\/?page_id=1405"},"modified":"2022-04-12T13:13:05","modified_gmt":"2022-04-12T13:13:05","slug":"iletisim","status":"publish","type":"page","link":"https:\/\/www.tepekaya.av.tr\/?page_id=1405","title":{"rendered":"\u0130leti\u015fim"},"content":{"rendered":"<p>[vc_row][vc_column][vc_column_text]<strong>Telefon<\/strong>:\u00a0 <a href=\"tel:05443047497\">0544 304 74 97<\/a><br \/>\n<strong>E-Mail:\u00a0<\/strong> av.cerentepekaya@gmail.com<br \/>\n<strong>Adres:<\/strong> Dumlup\u0131nar Mahallesi Dumlup\u0131nar 2. Cadde No:6 Karak\u00f6se \u0130\u015fhan\u0131 K:1 D:16 Merkez \/ Afyonkarahisar[\/vc_column_text][\/vc_column][\/vc_row][vc_row][vc_column]<p class=\"wpcf7-contact-form-not-found\"><strong>Hata:<\/strong> \u0130leti\u015fim formu bulunamad\u0131.<\/p>[\/vc_column][\/vc_row][vc_row][vc_column][vc_gmaps link=&#8221;#E-8_JTNDaWZyYW1lJTIwc3JjJTNEJTIyaHR0cHMlM0ElMkYlMkZ3d3cuZ29vZ2xlLmNvbSUyRm1hcHMlMkZlbWJlZCUzRnBiJTNEJTIxMW0xNCUyMTFtOCUyMTFtMyUyMTFkMTI0NDUuMzQzNDY3NDI3NDMyJTIxMmQzMC41Mzk5ODgyJTIxM2QzOC43NTU5OTk5JTIxM20yJTIxMWkxMDI0JTIxMmk3NjglMjE0ZjEzLjElMjEzbTMlMjExbTIlMjExczB4MCUyNTNBMHg2ZDQ5ZmY4MDU1NjdlOWViJTIxMnNUZXBla2F5YSUyNTIwSHVrdWslMjUyMEIlMjVDMyUyNUJDcm9zdS0lMjUyMEFmeW9uJTI1MjBhdnVrYXQtQWZ5b25rYXJhaGlzYXIlMjUyMHRhem1pbmF0JTI1MjBodWt1a3UlMjUyMGF2dWthdCUyNUM0JTI1QjEtQWZ5b25rYXJhaGlzYXIlMjUyMG1pcmFzJTI1MjBodWt1a3UlMjUyMGF2dWthdCUyNUM0JTI1QjEtQWZ5b25rYXJhaGlzYXIlMjUyMGNlemElMjUyMGh1a3VrdSUyNTIwYXZ1a2F0JTI1QzQlMjVCMS1BZnlvbmthcmFoaXNhciUyNTIwYm8lMjVDNSUyNTlGYW5tYSUyNTIwYXZ1a2F0JTI1QzQlMjVCMS1BZnlvbmthcmFoaXNhciUyNTIwaSUyNUM1JTI1OUYlMjUyMGh1a3VrdSUyNTIwYXZ1a2F0JTI1QzQlMjVCMSUyMTVlMCUyMTNtMiUyMTFzdHIlMjEyc3RyJTIxNHYxNjQ5NzY5MTY1OTE4JTIxNW0yJTIxMXN0ciUyMTJzdHIlMjIlMjB3aWR0aCUzRCUyMjYwMCUyMiUyMGhlaWdodCUzRCUyMjQ1MCUyMiUyMHN0eWxlJTNEJTIyYm9yZGVyJTNBMCUzQiUyMiUyMGFsbG93ZnVsbHNjcmVlbiUzRCUyMiUyMiUyMGxvYWRpbmclM0QlMjJsYXp5JTIyJTIwcmVmZXJyZXJwb2xpY3klM0QlMjJuby1yZWZlcnJlci13aGVuLWRvd25ncmFkZSUyMiUzRSUzQyUyRmlmcmFtZSUzRQ==&#8221;][\/vc_column][\/vc_row]<\/p>\n","protected":false},"excerpt":{"rendered":"<p>[vc_row][vc_column][vc_column_text]Telefon:\u00a0 0544 304 74 97 E-Mail:\u00a0 av.cerentepekaya@gmail.com Adres: Dumlup\u0131nar Mahallesi Dumlup\u0131nar 2. Cadde No:6 Karak\u00f6se \u0130\u015fhan\u0131 K:1 D:16 Merkez \/&#8230;<\/p>\n","protected":false},"author":1,"featured_media":0,"parent":0,"menu_order":0,"comment_status":"closed","ping_status":"closed","template":"","meta":{"footnotes":""},"class_list":["post-1405","page","type-page","status-publish"],"_links":{"self":[{"href":"https:\/\/www.tepekaya.av.tr\/index.php?rest_route=\/wp\/v2\/pages\/1405","targetHints":{"allow":["GET"]}}],"collection":[{"href":"https:\/\/www.tepekaya.av.tr\/index.php?rest_route=\/wp\/v2\/pages"}],"about":[{"href":"https:\/\/www.tepekaya.av.tr\/index.php?rest_route=\/wp\/v2\/types\/page"}],"author":[{"embeddable":true,"href":"https:\/\/www.tepekaya.av.tr\/index.php?rest_route=\/wp\/v2\/users\/1"}],"replies":[{"embeddable":true,"href":"https:\/\/www.tepekaya.av.tr\/index.php?rest_route=%2Fwp%2Fv2%2Fcomments&post=1405"}],"version-history":[{"count":3,"href":"https:\/\/www.tepekaya.av.tr\/index.php?rest_route=\/wp\/v2\/pages\/1405\/revisions"}],"predecessor-version":[{"id":1462,"href":"https:\/\/www.tepekaya.av.tr\/index.php?rest_route=\/wp\/v2\/pages\/1405\/revisions\/1462"}],"wp:attachment":[{"href":"https:\/\/www.tepekaya.av.tr\/index.php?rest_route=%2Fwp%2Fv2%2Fmedia&parent=1405"}],"curies":[{"name":"wp","href":"https:\/\/api.w.org\/{rel}","templated":true}]}}