{"id":1406,"date":"2022-04-12T10:32:16","date_gmt":"2022-04-12T10:32:16","guid":{"rendered":"http:\/\/www.tepekaya.av.tr\/?page_id=1406"},"modified":"2022-04-12T13:33:35","modified_gmt":"2022-04-12T13:33:35","slug":"hukuki-faaliyetlerimiz","status":"publish","type":"page","link":"https:\/\/www.tepekaya.av.tr\/?page_id=1406","title":{"rendered":"HUKUK\u0130 FAAL\u0130YETLER\u0130M\u0130Z"},"content":{"rendered":"<p>[vc_row][vc_column]<div class=\"preloader\"><div class=\"preloader-spin\"><\/div><\/div> <div class=\"portfolio-preloader-wrapper\"> <div data-per-page=\"8\" data-portfolio-uid=\"d5c2cfb\" class=\"portfolio no-padding portfolio-pagination-normal portfolio-style-justified background-style-white title-style-light hover-default item-animation-move-up title-on-page columns-2\" data-hover=\"default\" > <div class=\"\"> <div class=\"row\" style=\"margin: -21px;\"> <div class=\"portfolio-set clearfix\" data-max-row-height=\"380\"> <div class=\"portfolio-item ceza-hukuku col-sm-6 col-xs-12 item-animations-not-inited post-1455 thegem_pf_item type-thegem_pf_item status-publish has-post-thumbnail\" style=\"padding: 21px;\" data-default-sort=\"0\" data-sort-date=\"1649768587\"> <div class=\"wrap clearfix\" style=\"border-bottom-color: \"> <div class=\"image post-1455 thegem_pf_item type-thegem_pf_item status-publish has-post-thumbnail\"> <div class=\"image-inner\"> <\/div> <div class=\"overlay\"> <div class=\"overlay-circle\"><\/div> <div class=\"links-wrapper\"> <div class=\"links\"> <div class=\"portfolio-icons\"> <a href=\"https:\/\/www.tepekaya.av.tr\/?thegem_pf_item=ceza-hukuku\" target=\"_self\" class=\"icon self-link \"><\/a> <a href=\"javascript: void(0);\" class=\"icon share\"><\/a> <div class=\"overlay-line\"><\/div> <div class=\"portfolio-sharing-pane\"> <div class=\"socials-sharing socials socials-colored-hover\"> <a class=\"socials-item\" target=\"_blank\" href=\"https:\/\/www.facebook.com\/sharer\/sharer.php?u=https%3A%2F%2Fwww.tepekaya.av.tr%2F%3Fthegem_pf_item%3Dceza-hukuku\" title=\"Facebook\"><i class=\"socials-item-icon facebook\"><\/i><\/a> <a class=\"socials-item\" target=\"_blank\" href=\"https:\/\/twitter.com\/intent\/tweet?text=Ceza+Hukuku&#038;url=https%3A%2F%2Fwww.tepekaya.av.tr%2F%3Fthegem_pf_item%3Dceza-hukuku\" title=\"Twitter\"><i class=\"socials-item-icon twitter\"><\/i><\/a> <a class=\"socials-item\" target=\"_blank\" href=\"https:\/\/pinterest.com\/pin\/create\/button\/?url=https%3A%2F%2Fwww.tepekaya.av.tr%2F%3Fthegem_pf_item%3Dceza-hukuku&#038;description=Ceza+Hukuku\" title=\"Pinterest\"><i class=\"socials-item-icon pinterest\"><\/i><\/a> <a class=\"socials-item\" target=\"_blank\" href=\"http:\/\/tumblr.com\/widgets\/share\/tool?canonicalUrl=https%3A%2F%2Fwww.tepekaya.av.tr%2F%3Fthegem_pf_item%3Dceza-hukuku\" title=\"Tumblr\"><i class=\"socials-item-icon tumblr\"><\/i><\/a> <a class=\"socials-item\" target=\"_blank\" href=\"https:\/\/www.linkedin.com\/shareArticle?mini=true&#038;url=https%3A%2F%2Fwww.tepekaya.av.tr%2F%3Fthegem_pf_item%3Dceza-hukuku&#038;title=Ceza+Hukuku&amp;summary=\" title=\"LinkedIn\"><i class=\"socials-item-icon linkedin\"><\/i><\/a> <a class=\"socials-item\" target=\"_blank\" href=\"https:\/\/www.reddit.com\/submit?url=https%3A%2F%2Fwww.tepekaya.av.tr%2F%3Fthegem_pf_item%3Dceza-hukuku&#038;title=Ceza+Hukuku\" title=\"Reddit\"><i class=\"socials-item-icon reddit\"><\/i><\/a> <\/div> <\/div> <\/div> <\/div> <\/div> <\/div> <\/div> <div class=\"caption post-1455 thegem_pf_item type-thegem_pf_item status-publish has-post-thumbnail\" > <div class=\"title\" > Ceza Hukuku <\/div> <div class=\"caption-separator\" ><\/div> <\/div> <\/div> <\/div> <div class=\"portfolio-item idare-hukuku col-sm-6 col-xs-12 item-animations-not-inited post-1456 thegem_pf_item type-thegem_pf_item status-publish has-post-thumbnail\" style=\"padding: 21px;\" data-default-sort=\"0\" data-sort-date=\"1649768614\"> <div class=\"wrap clearfix\" style=\"border-bottom-color: \"> <div class=\"image post-1456 thegem_pf_item type-thegem_pf_item status-publish has-post-thumbnail\"> <div class=\"image-inner\"> <\/div> <div class=\"overlay\"> <div class=\"overlay-circle\"><\/div> <div class=\"links-wrapper\"> <div class=\"links\"> <div class=\"portfolio-icons\"> <a href=\"https:\/\/www.tepekaya.av.tr\/?thegem_pf_item=idare-hukuku\" target=\"_self\" class=\"icon self-link \"><\/a> <a href=\"javascript: void(0);\" class=\"icon share\"><\/a> <div class=\"overlay-line\"><\/div> <div class=\"portfolio-sharing-pane\"> <div class=\"socials-sharing socials socials-colored-hover\"> <a class=\"socials-item\" target=\"_blank\" href=\"https:\/\/www.facebook.com\/sharer\/sharer.php?u=https%3A%2F%2Fwww.tepekaya.av.tr%2F%3Fthegem_pf_item%3Didare-hukuku\" title=\"Facebook\"><i class=\"socials-item-icon facebook\"><\/i><\/a> <a class=\"socials-item\" target=\"_blank\" href=\"https:\/\/twitter.com\/intent\/tweet?text=%C4%B0dare+Hukuku&#038;url=https%3A%2F%2Fwww.tepekaya.av.tr%2F%3Fthegem_pf_item%3Didare-hukuku\" title=\"Twitter\"><i class=\"socials-item-icon twitter\"><\/i><\/a> <a class=\"socials-item\" target=\"_blank\" href=\"https:\/\/pinterest.com\/pin\/create\/button\/?url=https%3A%2F%2Fwww.tepekaya.av.tr%2F%3Fthegem_pf_item%3Didare-hukuku&#038;description=%C4%B0dare+Hukuku\" title=\"Pinterest\"><i class=\"socials-item-icon pinterest\"><\/i><\/a> <a class=\"socials-item\" target=\"_blank\" href=\"http:\/\/tumblr.com\/widgets\/share\/tool?canonicalUrl=https%3A%2F%2Fwww.tepekaya.av.tr%2F%3Fthegem_pf_item%3Didare-hukuku\" title=\"Tumblr\"><i class=\"socials-item-icon tumblr\"><\/i><\/a> <a class=\"socials-item\" target=\"_blank\" href=\"https:\/\/www.linkedin.com\/shareArticle?mini=true&#038;url=https%3A%2F%2Fwww.tepekaya.av.tr%2F%3Fthegem_pf_item%3Didare-hukuku&#038;title=%C4%B0dare+Hukuku&amp;summary=\" title=\"LinkedIn\"><i class=\"socials-item-icon linkedin\"><\/i><\/a> <a class=\"socials-item\" target=\"_blank\" href=\"https:\/\/www.reddit.com\/submit?url=https%3A%2F%2Fwww.tepekaya.av.tr%2F%3Fthegem_pf_item%3Didare-hukuku&#038;title=%C4%B0dare+Hukuku\" title=\"Reddit\"><i class=\"socials-item-icon reddit\"><\/i><\/a> <\/div> <\/div> <\/div> <\/div> <\/div> <\/div> <\/div> <div class=\"caption post-1456 thegem_pf_item type-thegem_pf_item status-publish has-post-thumbnail\" > <div class=\"title\" > \u0130dare Hukuku <\/div> <div class=\"caption-separator\" ><\/div> <\/div> <\/div> <\/div> <div class=\"portfolio-item miras-hukuku col-sm-6 col-xs-12 item-animations-not-inited post-1457 thegem_pf_item type-thegem_pf_item status-publish has-post-thumbnail\" style=\"padding: 21px;\" data-default-sort=\"0\" data-sort-date=\"1649768642\"> <div class=\"wrap clearfix\" style=\"border-bottom-color: \"> <div class=\"image post-1457 thegem_pf_item type-thegem_pf_item status-publish has-post-thumbnail\"> <div class=\"image-inner\"> <\/div> <div class=\"overlay\"> <div class=\"overlay-circle\"><\/div> <div class=\"links-wrapper\"> <div class=\"links\"> <div class=\"portfolio-icons\"> <a href=\"https:\/\/www.tepekaya.av.tr\/?thegem_pf_item=miras-hukuku\" target=\"_self\" class=\"icon self-link \"><\/a> <a href=\"javascript: void(0);\" class=\"icon share\"><\/a> <div class=\"overlay-line\"><\/div> <div class=\"portfolio-sharing-pane\"> <div class=\"socials-sharing socials socials-colored-hover\"> <a class=\"socials-item\" target=\"_blank\" href=\"https:\/\/www.facebook.com\/sharer\/sharer.php?u=https%3A%2F%2Fwww.tepekaya.av.tr%2F%3Fthegem_pf_item%3Dmiras-hukuku\" title=\"Facebook\"><i class=\"socials-item-icon facebook\"><\/i><\/a> <a class=\"socials-item\" target=\"_blank\" href=\"https:\/\/twitter.com\/intent\/tweet?text=Miras+Hukuku&#038;url=https%3A%2F%2Fwww.tepekaya.av.tr%2F%3Fthegem_pf_item%3Dmiras-hukuku\" title=\"Twitter\"><i class=\"socials-item-icon twitter\"><\/i><\/a> <a class=\"socials-item\" target=\"_blank\" href=\"https:\/\/pinterest.com\/pin\/create\/button\/?url=https%3A%2F%2Fwww.tepekaya.av.tr%2F%3Fthegem_pf_item%3Dmiras-hukuku&#038;description=Miras+Hukuku\" title=\"Pinterest\"><i class=\"socials-item-icon pinterest\"><\/i><\/a> <a class=\"socials-item\" target=\"_blank\" href=\"http:\/\/tumblr.com\/widgets\/share\/tool?canonicalUrl=https%3A%2F%2Fwww.tepekaya.av.tr%2F%3Fthegem_pf_item%3Dmiras-hukuku\" title=\"Tumblr\"><i class=\"socials-item-icon tumblr\"><\/i><\/a> <a class=\"socials-item\" target=\"_blank\" href=\"https:\/\/www.linkedin.com\/shareArticle?mini=true&#038;url=https%3A%2F%2Fwww.tepekaya.av.tr%2F%3Fthegem_pf_item%3Dmiras-hukuku&#038;title=Miras+Hukuku&amp;summary=\" title=\"LinkedIn\"><i class=\"socials-item-icon linkedin\"><\/i><\/a> <a class=\"socials-item\" target=\"_blank\" href=\"https:\/\/www.reddit.com\/submit?url=https%3A%2F%2Fwww.tepekaya.av.tr%2F%3Fthegem_pf_item%3Dmiras-hukuku&#038;title=Miras+Hukuku\" title=\"Reddit\"><i class=\"socials-item-icon reddit\"><\/i><\/a> <\/div> <\/div> <\/div> <\/div> <\/div> <\/div> <\/div> <div class=\"caption post-1457 thegem_pf_item type-thegem_pf_item status-publish has-post-thumbnail\" > <div class=\"title\" > Miras Hukuku <\/div> <div class=\"caption-separator\" ><\/div> <\/div> <\/div> <\/div> <div class=\"portfolio-item is-hukuku col-sm-6 col-xs-12 item-animations-not-inited post-1458 thegem_pf_item type-thegem_pf_item status-publish has-post-thumbnail\" style=\"padding: 21px;\" data-default-sort=\"0\" data-sort-date=\"1649768666\"> <div class=\"wrap clearfix\" style=\"border-bottom-color: \"> <div class=\"image post-1458 thegem_pf_item type-thegem_pf_item status-publish has-post-thumbnail\"> <div class=\"image-inner\"> <\/div> <div class=\"overlay\"> <div class=\"overlay-circle\"><\/div> <div class=\"links-wrapper\"> <div class=\"links\"> <div class=\"portfolio-icons\"> <a href=\"https:\/\/www.tepekaya.av.tr\/?thegem_pf_item=is-hukuku\" target=\"_self\" class=\"icon self-link \"><\/a> <a href=\"javascript: void(0);\" class=\"icon share\"><\/a> <div class=\"overlay-line\"><\/div> <div class=\"portfolio-sharing-pane\"> <div class=\"socials-sharing socials socials-colored-hover\"> <a class=\"socials-item\" target=\"_blank\" href=\"https:\/\/www.facebook.com\/sharer\/sharer.php?u=https%3A%2F%2Fwww.tepekaya.av.tr%2F%3Fthegem_pf_item%3Dis-hukuku\" title=\"Facebook\"><i class=\"socials-item-icon facebook\"><\/i><\/a> <a class=\"socials-item\" target=\"_blank\" href=\"https:\/\/twitter.com\/intent\/tweet?text=%C4%B0%C5%9F+Hukuku&#038;url=https%3A%2F%2Fwww.tepekaya.av.tr%2F%3Fthegem_pf_item%3Dis-hukuku\" title=\"Twitter\"><i class=\"socials-item-icon twitter\"><\/i><\/a> <a class=\"socials-item\" target=\"_blank\" href=\"https:\/\/pinterest.com\/pin\/create\/button\/?url=https%3A%2F%2Fwww.tepekaya.av.tr%2F%3Fthegem_pf_item%3Dis-hukuku&#038;description=%C4%B0%C5%9F+Hukuku\" title=\"Pinterest\"><i class=\"socials-item-icon pinterest\"><\/i><\/a> <a class=\"socials-item\" target=\"_blank\" href=\"http:\/\/tumblr.com\/widgets\/share\/tool?canonicalUrl=https%3A%2F%2Fwww.tepekaya.av.tr%2F%3Fthegem_pf_item%3Dis-hukuku\" title=\"Tumblr\"><i class=\"socials-item-icon tumblr\"><\/i><\/a> <a class=\"socials-item\" target=\"_blank\" href=\"https:\/\/www.linkedin.com\/shareArticle?mini=true&#038;url=https%3A%2F%2Fwww.tepekaya.av.tr%2F%3Fthegem_pf_item%3Dis-hukuku&#038;title=%C4%B0%C5%9F+Hukuku&amp;summary=\" title=\"LinkedIn\"><i class=\"socials-item-icon linkedin\"><\/i><\/a> <a class=\"socials-item\" target=\"_blank\" href=\"https:\/\/www.reddit.com\/submit?url=https%3A%2F%2Fwww.tepekaya.av.tr%2F%3Fthegem_pf_item%3Dis-hukuku&#038;title=%C4%B0%C5%9F+Hukuku\" title=\"Reddit\"><i class=\"socials-item-icon reddit\"><\/i><\/a> <\/div> <\/div> <\/div> <\/div> <\/div> <\/div> <\/div> <div class=\"caption post-1458 thegem_pf_item type-thegem_pf_item status-publish has-post-thumbnail\" > <div class=\"title\" > \u0130\u015f Hukuku <\/div> <div class=\"caption-separator\" ><\/div> <\/div> <\/div> <\/div> <div class=\"portfolio-item aile-hukuku col-sm-6 col-xs-12 item-animations-not-inited post-1459 thegem_pf_item type-thegem_pf_item status-publish has-post-thumbnail\" style=\"padding: 21px;\" data-default-sort=\"0\" data-sort-date=\"1649768722\"> <div class=\"wrap clearfix\" style=\"border-bottom-color: \"> <div class=\"image post-1459 thegem_pf_item type-thegem_pf_item status-publish has-post-thumbnail\"> <div class=\"image-inner\"> <\/div> <div class=\"overlay\"> <div class=\"overlay-circle\"><\/div> <div class=\"links-wrapper\"> <div class=\"links\"> <div class=\"portfolio-icons\"> <a href=\"https:\/\/www.tepekaya.av.tr\/?thegem_pf_item=aile-hukuku\" target=\"_self\" class=\"icon self-link \"><\/a> <a href=\"javascript: void(0);\" class=\"icon share\"><\/a> <div class=\"overlay-line\"><\/div> <div class=\"portfolio-sharing-pane\"> <div class=\"socials-sharing socials socials-colored-hover\"> <a class=\"socials-item\" target=\"_blank\" href=\"https:\/\/www.facebook.com\/sharer\/sharer.php?u=https%3A%2F%2Fwww.tepekaya.av.tr%2F%3Fthegem_pf_item%3Daile-hukuku\" title=\"Facebook\"><i class=\"socials-item-icon facebook\"><\/i><\/a> <a class=\"socials-item\" target=\"_blank\" href=\"https:\/\/twitter.com\/intent\/tweet?text=Aile+Hukuku&#038;url=https%3A%2F%2Fwww.tepekaya.av.tr%2F%3Fthegem_pf_item%3Daile-hukuku\" title=\"Twitter\"><i class=\"socials-item-icon twitter\"><\/i><\/a> <a class=\"socials-item\" target=\"_blank\" href=\"https:\/\/pinterest.com\/pin\/create\/button\/?url=https%3A%2F%2Fwww.tepekaya.av.tr%2F%3Fthegem_pf_item%3Daile-hukuku&#038;description=Aile+Hukuku\" title=\"Pinterest\"><i class=\"socials-item-icon pinterest\"><\/i><\/a> <a class=\"socials-item\" target=\"_blank\" href=\"http:\/\/tumblr.com\/widgets\/share\/tool?canonicalUrl=https%3A%2F%2Fwww.tepekaya.av.tr%2F%3Fthegem_pf_item%3Daile-hukuku\" title=\"Tumblr\"><i class=\"socials-item-icon tumblr\"><\/i><\/a> <a class=\"socials-item\" target=\"_blank\" href=\"https:\/\/www.linkedin.com\/shareArticle?mini=true&#038;url=https%3A%2F%2Fwww.tepekaya.av.tr%2F%3Fthegem_pf_item%3Daile-hukuku&#038;title=Aile+Hukuku&amp;summary=\" title=\"LinkedIn\"><i class=\"socials-item-icon linkedin\"><\/i><\/a> <a class=\"socials-item\" target=\"_blank\" href=\"https:\/\/www.reddit.com\/submit?url=https%3A%2F%2Fwww.tepekaya.av.tr%2F%3Fthegem_pf_item%3Daile-hukuku&#038;title=Aile+Hukuku\" title=\"Reddit\"><i class=\"socials-item-icon reddit\"><\/i><\/a> <\/div> <\/div> <\/div> <\/div> <\/div> <\/div> <\/div> <div class=\"caption post-1459 thegem_pf_item type-thegem_pf_item status-publish has-post-thumbnail\" > <div class=\"title\" > Aile Hukuku <\/div> <div class=\"caption-separator\" ><\/div> <\/div> <\/div> <\/div> <div class=\"portfolio-item tazminat-hukuku col-sm-6 col-xs-12 item-animations-not-inited post-1460 thegem_pf_item type-thegem_pf_item status-publish has-post-thumbnail\" style=\"padding: 21px;\" data-default-sort=\"0\" data-sort-date=\"1649768843\"> <div class=\"wrap clearfix\" style=\"border-bottom-color: \"> <div class=\"image post-1460 thegem_pf_item type-thegem_pf_item status-publish has-post-thumbnail\"> <div class=\"image-inner\"> <\/div> <div class=\"overlay\"> <div class=\"overlay-circle\"><\/div> <div class=\"links-wrapper\"> <div class=\"links\"> <div class=\"portfolio-icons\"> <a href=\"https:\/\/www.tepekaya.av.tr\/?thegem_pf_item=tazminat-hukuku\" target=\"_self\" class=\"icon self-link \"><\/a> <a href=\"javascript: void(0);\" class=\"icon share\"><\/a> <div class=\"overlay-line\"><\/div> <div class=\"portfolio-sharing-pane\"> <div class=\"socials-sharing socials socials-colored-hover\"> <a class=\"socials-item\" target=\"_blank\" href=\"https:\/\/www.facebook.com\/sharer\/sharer.php?u=https%3A%2F%2Fwww.tepekaya.av.tr%2F%3Fthegem_pf_item%3Dtazminat-hukuku\" title=\"Facebook\"><i class=\"socials-item-icon facebook\"><\/i><\/a> <a class=\"socials-item\" target=\"_blank\" href=\"https:\/\/twitter.com\/intent\/tweet?text=Tazminat+Hukuku&#038;url=https%3A%2F%2Fwww.tepekaya.av.tr%2F%3Fthegem_pf_item%3Dtazminat-hukuku\" title=\"Twitter\"><i class=\"socials-item-icon twitter\"><\/i><\/a> <a class=\"socials-item\" target=\"_blank\" href=\"https:\/\/pinterest.com\/pin\/create\/button\/?url=https%3A%2F%2Fwww.tepekaya.av.tr%2F%3Fthegem_pf_item%3Dtazminat-hukuku&#038;description=Tazminat+Hukuku\" title=\"Pinterest\"><i class=\"socials-item-icon pinterest\"><\/i><\/a> <a class=\"socials-item\" target=\"_blank\" href=\"http:\/\/tumblr.com\/widgets\/share\/tool?canonicalUrl=https%3A%2F%2Fwww.tepekaya.av.tr%2F%3Fthegem_pf_item%3Dtazminat-hukuku\" title=\"Tumblr\"><i class=\"socials-item-icon tumblr\"><\/i><\/a> <a class=\"socials-item\" target=\"_blank\" href=\"https:\/\/www.linkedin.com\/shareArticle?mini=true&#038;url=https%3A%2F%2Fwww.tepekaya.av.tr%2F%3Fthegem_pf_item%3Dtazminat-hukuku&#038;title=Tazminat+Hukuku&amp;summary=\" title=\"LinkedIn\"><i class=\"socials-item-icon linkedin\"><\/i><\/a> <a class=\"socials-item\" target=\"_blank\" href=\"https:\/\/www.reddit.com\/submit?url=https%3A%2F%2Fwww.tepekaya.av.tr%2F%3Fthegem_pf_item%3Dtazminat-hukuku&#038;title=Tazminat+Hukuku\" title=\"Reddit\"><i class=\"socials-item-icon reddit\"><\/i><\/a> <\/div> <\/div> <\/div> <\/div> <\/div> <\/div> <\/div> <div class=\"caption post-1460 thegem_pf_item type-thegem_pf_item status-publish has-post-thumbnail\" > <div class=\"title\" > Tazminat Hukuku <\/div> <div class=\"caption-separator\" ><\/div> <\/div> <\/div> <\/div> <\/div><!-- .portflio-set --> <div class=\"portfolio-item-size-container\"> <div class=\"portfolio-item col-sm-6 col-xs-12 item-animations-not-inited post-1460 thegem_pf_item type-thegem_pf_item status-publish has-post-thumbnail\"> <\/div> <\/div> <\/div><!-- .row--> <div class=\"portfolio-navigator gem-pagination\"> <\/div> <\/div><!-- .full-width --> <\/div><!-- .portfolio--> <\/div><!-- .portfolio-preloader-wrapper-->[\/vc_column][\/vc_row]<\/p>\n","protected":false},"excerpt":{"rendered":"<p>[vc_row][vc_column][\/vc_column][\/vc_row]<\/p>\n","protected":false},"author":1,"featured_media":0,"parent":0,"menu_order":0,"comment_status":"closed","ping_status":"closed","template":"","meta":{"footnotes":""},"class_list":["post-1406","page","type-page","status-publish"],"_links":{"self":[{"href":"https:\/\/www.tepekaya.av.tr\/index.php?rest_route=\/wp\/v2\/pages\/1406","targetHints":{"allow":["GET"]}}],"collection":[{"href":"https:\/\/www.tepekaya.av.tr\/index.php?rest_route=\/wp\/v2\/pages"}],"about":[{"href":"https:\/\/www.tepekaya.av.tr\/index.php?rest_route=\/wp\/v2\/types\/page"}],"author":[{"embeddable":true,"href":"https:\/\/www.tepekaya.av.tr\/index.php?rest_route=\/wp\/v2\/users\/1"}],"replies":[{"embeddable":true,"href":"https:\/\/www.tepekaya.av.tr\/index.php?rest_route=%2Fwp%2Fv2%2Fcomments&post=1406"}],"version-history":[{"count":2,"href":"https:\/\/www.tepekaya.av.tr\/index.php?rest_route=\/wp\/v2\/pages\/1406\/revisions"}],"predecessor-version":[{"id":1470,"href":"https:\/\/www.tepekaya.av.tr\/index.php?rest_route=\/wp\/v2\/pages\/1406\/revisions\/1470"}],"wp:attachment":[{"href":"https:\/\/www.tepekaya.av.tr\/index.php?rest_route=%2Fwp%2Fv2%2Fmedia&parent=1406"}],"curies":[{"name":"wp","href":"https:\/\/api.w.org\/{rel}","templated":true}]}}